{"id":6,"date":"2021-11-25T16:19:29","date_gmt":"2021-11-25T15:19:29","guid":{"rendered":"https:\/\/section17-old.obspm.fr\/?page_id=6"},"modified":"2024-12-10T11:17:13","modified_gmt":"2024-12-10T10:17:13","slug":"composition","status":"publish","type":"page","link":"https:\/\/section17.obspm.fr\/?page_id=6","title":{"rendered":"Composition"},"content":{"rendered":"\n<p>Vous pouvez joindre chaque personne par mail en cliquant sur son nom. Vous pouvez \u00e9galement joindre la pr\u00e9sidente et le secr\u00e9taire scientifique en <a href=\"mailto:president.section17@services.cnrs.fr\">cliquant ici<\/a>.<\/p>\n\n\n\n<p>La composition de la Section 17 pour son mandat 2021-2025 est la suivante :<\/p>\n\n\n\n<ul class=\"wp-block-list\">\n<li><a href=\"mailto:nabila.aghanim@universite-paris-saclay.fr\">Mme Nabila AGHANIM<\/a><\/li>\n\n\n\n<li><a href=\"mailto:donia.baklouti@universite-paris-saclay.fr\">Mme Donia BAKLOUTI<\/a><\/li>\n\n\n\n<li><a href=\"mailto:frederic.bournaud@cea.fr\">M. Fr\u00e9d\u00e9ric BOURNAUD<\/a><\/li>\n\n\n\n<li><a href=\"mailto:laurent.cambresy@astro.unistra.fr\">M. Laurent CAMBRESY<\/a><\/li>\n\n\n\n<li><a href=\"mailto:sandrine.codis@cea.fr\">Mme Sandrine CODIS<\/a><\/li>\n\n\n\n<li><a href=\"mailto:karine.issautier@obspm.fr\">Mme Karine ISSAUTIER<\/a><\/li>\n\n\n\n<li><a href=\"mailto:laurent.lamy@obspm.fr\">M. Laurent LAMY<\/a> (Secr\u00e9taire Scientifique)<\/li>\n\n\n\n<li><a href=\"mailto:jeremy.leconte@u-bordeaux.fr\">M. Jeremy LECONTE<\/a><\/li>\n\n\n\n<li><a href=\"mailto:laurent.mirioni@lpp.polytechnique.fr\">M. Laurent MIRIONI<\/a> (Membre du bureau)<\/li>\n\n\n\n<li><a href=\"mailto:frederique.motte@univ-grenoble-alpes.fr\">Mme Fr\u00e9d\u00e9rique MOTTE<\/a> (Pr\u00e9sidente)<\/li>\n\n\n\n<li><a href=\"mailto:mamadou.ndiaye@oca.eu\">M. Mamadou N\u2019DIAYE<\/a> (Membre du bureau, R\u00e9f\u00e9rent \u00c9quit\u00e9 et diversit\u00e9, R\u00e9f\u00e9rent handicap)<\/li>\n\n\n\n<li><a href=\"mailto:micaela.oertel@obspm.fr\">Mme Micaela OERTEL<\/a><\/li>\n\n\n\n<li><a href=\"mailto:francois.pajot@irap.omp.eu\">M. Fran\u00e7ois PAJOT<\/a> <\/li>\n\n\n\n<li><a href=\"mailto:ana.palacios@umontpellier.fr\">Mme Ana PALACIOS<\/a> (Secr\u00e9taire Scientifique suppl\u00e9ante, R\u00e9f\u00e9rente \u00c9quit\u00e9 et diversit\u00e9)<\/li>\n\n\n\n<li><a href=\"mailto:alejandra.recio-blanco@oca.eu\">Mme Alejandra RECIO-BLANCO<\/a><\/li>\n\n\n\n<li><a href=\"mailto:fabrice.roy@obspm.fr\">M. Fabrice ROY<\/a> (Webmestre)<\/li>\n\n\n\n<li><a href=\"mailto:renaud.savalle@obspm.fr\">M. Renaud SAVALLE<\/a><\/li>\n\n\n\n<li><a href=\"mailto:theureau@cnrs-orleans.fr\">M. Gilles THEUREAU<\/a><\/li>\n\n\n\n<li><a href=\"mailto:luigi.tibaldo@irap.omp.eu\">M. Luigi TIBALDO<\/a> (Membre du bureau)<\/li>\n\n\n\n<li><a href=\"mailto:laurence.tresse@lam.fr\">Mme Laurence TRESSE<\/a><\/li>\n\n\n\n<li><a href=\"mailto:frederic.vincent@obspm.fr\">M. Fr\u00e9d\u00e9ric VINCENT<\/a> (Webmestre)<\/li>\n<\/ul>\n\n\n\n<div style=\"height:40px\" aria-hidden=\"true\" class=\"wp-block-spacer\"><\/div>\n\n\n\n<div class=\"wp-block-group is-nowrap is-layout-flex wp-container-core-group-is-layout-ad2f72ca wp-block-group-is-layout-flex\">\n<div class=\"wp-block-columns is-layout-flex wp-container-core-columns-is-layout-9d6595d7 wp-block-columns-is-layout-flex\">\n<div class=\"wp-block-column is-layout-flow wp-block-column-is-layout-flow\" style=\"flex-basis:100%\">\n<div class=\"wp-block-group is-vertical is-layout-flex wp-container-core-group-is-layout-8cf370e7 wp-block-group-is-layout-flex\">\n<div class=\"wp-block-columns is-layout-flex wp-container-core-columns-is-layout-9d6595d7 wp-block-columns-is-layout-flex\">\n<div class=\"wp-block-column is-layout-flow wp-block-column-is-layout-flow\" style=\"flex-basis:100%\">\n<figure class=\"wp-block-gallery has-nested-images columns-3 is-cropped wp-block-gallery-1 is-layout-flex wp-block-gallery-is-layout-flex\">\n<figure class=\"wp-block-image size-medium\"><img loading=\"lazy\" decoding=\"async\" width=\"169\" height=\"264\" data-id=\"391\" src=\"https:\/\/section17.obspm.fr\/wp-content\/uploads\/2022\/04\/NabilaAghanim.png\" alt=\"\" class=\"wp-image-391\"\/><figcaption class=\"wp-element-caption\">Nabila Aghanim<\/figcaption><\/figure>\n\n\n\n<figure class=\"wp-block-image size-medium\"><img loading=\"lazy\" decoding=\"async\" width=\"248\" height=\"300\" data-id=\"334\" src=\"https:\/\/section17.obspm.fr\/wp-content\/uploads\/2022\/02\/DoniaBaklouti-248x300.jpg\" alt=\"\" class=\"wp-image-334\" srcset=\"https:\/\/section17.obspm.fr\/wp-content\/uploads\/2022\/02\/DoniaBaklouti-248x300.jpg 248w, https:\/\/section17.obspm.fr\/wp-content\/uploads\/2022\/02\/DoniaBaklouti-846x1024.jpg 846w, https:\/\/section17.obspm.fr\/wp-content\/uploads\/2022\/02\/DoniaBaklouti-768x929.jpg 768w, https:\/\/section17.obspm.fr\/wp-content\/uploads\/2022\/02\/DoniaBaklouti-223x270.jpg 223w, https:\/\/section17.obspm.fr\/wp-content\/uploads\/2022\/02\/DoniaBaklouti.jpg 891w\" sizes=\"auto, (max-width: 248px) 100vw, 248px\" \/><figcaption class=\"wp-element-caption\">Donia Baklouti<\/figcaption><\/figure>\n\n\n\n<figure class=\"wp-block-image size-medium\"><img loading=\"lazy\" decoding=\"async\" width=\"242\" height=\"300\" data-id=\"349\" src=\"https:\/\/section17.obspm.fr\/wp-content\/uploads\/2022\/02\/FredericBournaud-1-242x300.png\" alt=\"\" class=\"wp-image-349\" srcset=\"https:\/\/section17.obspm.fr\/wp-content\/uploads\/2022\/02\/FredericBournaud-1-242x300.png 242w, https:\/\/section17.obspm.fr\/wp-content\/uploads\/2022\/02\/FredericBournaud-1-217x270.png 217w, https:\/\/section17.obspm.fr\/wp-content\/uploads\/2022\/02\/FredericBournaud-1.png 273w\" sizes=\"auto, (max-width: 242px) 100vw, 242px\" \/><figcaption class=\"wp-element-caption\">Fr\u00e9d\u00e9ric Bournaud<\/figcaption><\/figure>\n\n\n\n<figure class=\"wp-block-image size-medium\"><img loading=\"lazy\" decoding=\"async\" width=\"165\" height=\"213\" data-id=\"335\" src=\"https:\/\/section17.obspm.fr\/wp-content\/uploads\/2022\/02\/LaurentCambresy.jpg\" alt=\"Laurent Cambr\u00e9sy\" class=\"wp-image-335\"\/><figcaption class=\"wp-element-caption\">Laurent Cambr\u00e9sy<\/figcaption><\/figure>\n\n\n\n<figure class=\"wp-block-image size-medium\"><img loading=\"lazy\" decoding=\"async\" width=\"227\" height=\"300\" data-id=\"351\" src=\"https:\/\/section17.obspm.fr\/wp-content\/uploads\/2022\/02\/SandrineCodis-1-227x300.png\" alt=\"\" class=\"wp-image-351\" srcset=\"https:\/\/section17.obspm.fr\/wp-content\/uploads\/2022\/02\/SandrineCodis-1-227x300.png 227w, https:\/\/section17.obspm.fr\/wp-content\/uploads\/2022\/02\/SandrineCodis-1-205x270.png 205w, https:\/\/section17.obspm.fr\/wp-content\/uploads\/2022\/02\/SandrineCodis-1.png 662w\" sizes=\"auto, (max-width: 227px) 100vw, 227px\" \/><figcaption class=\"wp-element-caption\">Sandrine Codis<\/figcaption><\/figure>\n\n\n\n<figure class=\"wp-block-image size-medium\"><img loading=\"lazy\" decoding=\"async\" width=\"283\" height=\"300\" data-id=\"423\" src=\"https:\/\/section17.obspm.fr\/wp-content\/uploads\/2022\/07\/KarineIssautier-283x300.png\" alt=\"\" class=\"wp-image-423\" srcset=\"https:\/\/section17.obspm.fr\/wp-content\/uploads\/2022\/07\/KarineIssautier-283x300.png 283w, https:\/\/section17.obspm.fr\/wp-content\/uploads\/2022\/07\/KarineIssautier-254x270.png 254w, https:\/\/section17.obspm.fr\/wp-content\/uploads\/2022\/07\/KarineIssautier.png 438w\" sizes=\"auto, (max-width: 283px) 100vw, 283px\" \/><figcaption class=\"wp-element-caption\">Karine Issautier<\/figcaption><\/figure>\n\n\n\n<figure class=\"wp-block-image size-medium\"><img loading=\"lazy\" decoding=\"async\" width=\"283\" height=\"300\" data-id=\"300\" src=\"https:\/\/section17.obspm.fr\/wp-content\/uploads\/2022\/01\/LaurentLamy-283x300.jpeg\" alt=\"\" class=\"wp-image-300\" srcset=\"https:\/\/section17.obspm.fr\/wp-content\/uploads\/2022\/01\/LaurentLamy-283x300.jpeg 283w, https:\/\/section17.obspm.fr\/wp-content\/uploads\/2022\/01\/LaurentLamy-965x1024.jpeg 965w, https:\/\/section17.obspm.fr\/wp-content\/uploads\/2022\/01\/LaurentLamy-768x815.jpeg 768w, https:\/\/section17.obspm.fr\/wp-content\/uploads\/2022\/01\/LaurentLamy-1448x1536.jpeg 1448w, https:\/\/section17.obspm.fr\/wp-content\/uploads\/2022\/01\/LaurentLamy-255x270.jpeg 255w, https:\/\/section17.obspm.fr\/wp-content\/uploads\/2022\/01\/LaurentLamy.jpeg 1627w\" sizes=\"auto, (max-width: 283px) 100vw, 283px\" \/><figcaption class=\"wp-element-caption\">Laurent Lamy<\/figcaption><\/figure>\n\n\n\n<figure class=\"wp-block-image size-medium\"><img loading=\"lazy\" decoding=\"async\" width=\"200\" height=\"300\" data-id=\"553\" src=\"https:\/\/section17.obspm.fr\/wp-content\/uploads\/2023\/06\/JeremyLeconte-200x300.jpeg\" alt=\"\" class=\"wp-image-553\" srcset=\"https:\/\/section17.obspm.fr\/wp-content\/uploads\/2023\/06\/JeremyLeconte-200x300.jpeg 200w, https:\/\/section17.obspm.fr\/wp-content\/uploads\/2023\/06\/JeremyLeconte-683x1024.jpeg 683w, https:\/\/section17.obspm.fr\/wp-content\/uploads\/2023\/06\/JeremyLeconte-768x1151.jpeg 768w, https:\/\/section17.obspm.fr\/wp-content\/uploads\/2023\/06\/JeremyLeconte-180x270.jpeg 180w, https:\/\/section17.obspm.fr\/wp-content\/uploads\/2023\/06\/JeremyLeconte.jpeg 854w\" sizes=\"auto, (max-width: 200px) 100vw, 200px\" \/><figcaption class=\"wp-element-caption\">Jeremy Leconte<\/figcaption><\/figure>\n\n\n\n<figure class=\"wp-block-image size-medium\"><img loading=\"lazy\" decoding=\"async\" width=\"201\" height=\"300\" data-id=\"301\" src=\"https:\/\/section17.obspm.fr\/wp-content\/uploads\/2022\/01\/LaurentMirioni-scaled-e1643820571315-201x300.jpeg\" alt=\"\" class=\"wp-image-301\" srcset=\"https:\/\/section17.obspm.fr\/wp-content\/uploads\/2022\/01\/LaurentMirioni-scaled-e1643820571315-201x300.jpeg 201w, https:\/\/section17.obspm.fr\/wp-content\/uploads\/2022\/01\/LaurentMirioni-scaled-e1643820571315-685x1024.jpeg 685w, https:\/\/section17.obspm.fr\/wp-content\/uploads\/2022\/01\/LaurentMirioni-scaled-e1643820571315-768x1148.jpeg 768w, https:\/\/section17.obspm.fr\/wp-content\/uploads\/2022\/01\/LaurentMirioni-scaled-e1643820571315-1027x1536.jpeg 1027w, https:\/\/section17.obspm.fr\/wp-content\/uploads\/2022\/01\/LaurentMirioni-scaled-e1643820571315-181x270.jpeg 181w, https:\/\/section17.obspm.fr\/wp-content\/uploads\/2022\/01\/LaurentMirioni-scaled-e1643820571315.jpeg 1292w\" sizes=\"auto, (max-width: 201px) 100vw, 201px\" \/><figcaption class=\"wp-element-caption\">Laurent Mirioni<\/figcaption><\/figure>\n\n\n\n<figure class=\"wp-block-image size-medium\"><img loading=\"lazy\" decoding=\"async\" width=\"235\" height=\"300\" data-id=\"303\" src=\"https:\/\/section17.obspm.fr\/wp-content\/uploads\/2022\/01\/FrederiqueMotte-235x300.png\" alt=\"\" class=\"wp-image-303\" srcset=\"https:\/\/section17.obspm.fr\/wp-content\/uploads\/2022\/01\/FrederiqueMotte-235x300.png 235w, https:\/\/section17.obspm.fr\/wp-content\/uploads\/2022\/01\/FrederiqueMotte-211x270.png 211w, https:\/\/section17.obspm.fr\/wp-content\/uploads\/2022\/01\/FrederiqueMotte.png 480w\" sizes=\"auto, (max-width: 235px) 100vw, 235px\" \/><figcaption class=\"wp-element-caption\">Fr\u00e9d\u00e9rique Motte<\/figcaption><\/figure>\n\n\n\n<figure class=\"wp-block-image size-medium\"><img loading=\"lazy\" decoding=\"async\" width=\"300\" height=\"200\" data-id=\"336\" src=\"https:\/\/section17.obspm.fr\/wp-content\/uploads\/2022\/02\/MamadouNDiaye-300x200.jpeg\" alt=\"\" class=\"wp-image-336\" srcset=\"https:\/\/section17.obspm.fr\/wp-content\/uploads\/2022\/02\/MamadouNDiaye-300x200.jpeg 300w, https:\/\/section17.obspm.fr\/wp-content\/uploads\/2022\/02\/MamadouNDiaye-405x270.jpeg 405w, https:\/\/section17.obspm.fr\/wp-content\/uploads\/2022\/02\/MamadouNDiaye.jpeg 640w\" sizes=\"auto, (max-width: 300px) 100vw, 300px\" \/><figcaption class=\"wp-element-caption\">Mamadou N&rsquo;Diaye<\/figcaption><\/figure>\n\n\n\n<figure class=\"wp-block-image size-medium\"><img loading=\"lazy\" decoding=\"async\" width=\"200\" height=\"300\" data-id=\"617\" src=\"https:\/\/section17.obspm.fr\/wp-content\/uploads\/2024\/02\/MicaelaOertel-edited-2-200x300.jpg\" alt=\"\" class=\"wp-image-617\" srcset=\"https:\/\/section17.obspm.fr\/wp-content\/uploads\/2024\/02\/MicaelaOertel-edited-2-200x300.jpg 200w, https:\/\/section17.obspm.fr\/wp-content\/uploads\/2024\/02\/MicaelaOertel-edited-2-683x1024.jpg 683w, https:\/\/section17.obspm.fr\/wp-content\/uploads\/2024\/02\/MicaelaOertel-edited-2-768x1152.jpg 768w, https:\/\/section17.obspm.fr\/wp-content\/uploads\/2024\/02\/MicaelaOertel-edited-2-180x270.jpg 180w, https:\/\/section17.obspm.fr\/wp-content\/uploads\/2024\/02\/MicaelaOertel-edited-2.jpg 788w\" sizes=\"auto, (max-width: 200px) 100vw, 200px\" \/><figcaption class=\"wp-element-caption\">Micaela Oertel<\/figcaption><\/figure>\n\n\n\n<figure class=\"wp-block-image size-medium\"><img loading=\"lazy\" decoding=\"async\" width=\"252\" height=\"300\" data-id=\"682\" src=\"https:\/\/section17.obspm.fr\/wp-content\/uploads\/2024\/12\/FrancoisPajot-252x300.png\" alt=\"\" class=\"wp-image-682\" srcset=\"https:\/\/section17.obspm.fr\/wp-content\/uploads\/2024\/12\/FrancoisPajot-252x300.png 252w, https:\/\/section17.obspm.fr\/wp-content\/uploads\/2024\/12\/FrancoisPajot-227x270.png 227w, https:\/\/section17.obspm.fr\/wp-content\/uploads\/2024\/12\/FrancoisPajot.png 328w\" sizes=\"auto, (max-width: 252px) 100vw, 252px\" \/><figcaption class=\"wp-element-caption\">Fran\u00e7ois Pajot<\/figcaption><\/figure>\n\n\n\n<figure class=\"wp-block-image size-medium\"><img loading=\"lazy\" decoding=\"async\" width=\"233\" height=\"300\" data-id=\"298\" src=\"https:\/\/section17.obspm.fr\/wp-content\/uploads\/2022\/01\/AnaPalacios-233x300.jpg\" alt=\"\" class=\"wp-image-298\" srcset=\"https:\/\/section17.obspm.fr\/wp-content\/uploads\/2022\/01\/AnaPalacios-233x300.jpg 233w, https:\/\/section17.obspm.fr\/wp-content\/uploads\/2022\/01\/AnaPalacios-209x270.jpg 209w, https:\/\/section17.obspm.fr\/wp-content\/uploads\/2022\/01\/AnaPalacios.jpg 469w\" sizes=\"auto, (max-width: 233px) 100vw, 233px\" \/><figcaption class=\"wp-element-caption\">Ana Palacios<\/figcaption><\/figure>\n\n\n\n<figure class=\"wp-block-image size-medium\"><img loading=\"lazy\" decoding=\"async\" width=\"225\" height=\"300\" data-id=\"513\" src=\"https:\/\/section17.obspm.fr\/wp-content\/uploads\/2023\/02\/AlejandraRecioBlanco-225x300.jpg\" alt=\"\" class=\"wp-image-513\" srcset=\"https:\/\/section17.obspm.fr\/wp-content\/uploads\/2023\/02\/AlejandraRecioBlanco-225x300.jpg 225w, https:\/\/section17.obspm.fr\/wp-content\/uploads\/2023\/02\/AlejandraRecioBlanco-768x1024.jpg 768w, https:\/\/section17.obspm.fr\/wp-content\/uploads\/2023\/02\/AlejandraRecioBlanco-1152x1536.jpg 1152w, https:\/\/section17.obspm.fr\/wp-content\/uploads\/2023\/02\/AlejandraRecioBlanco-1536x2048.jpg 1536w, https:\/\/section17.obspm.fr\/wp-content\/uploads\/2023\/02\/AlejandraRecioBlanco-203x270.jpg 203w, https:\/\/section17.obspm.fr\/wp-content\/uploads\/2023\/02\/AlejandraRecioBlanco-scaled.jpg 1920w\" sizes=\"auto, (max-width: 225px) 100vw, 225px\" \/><figcaption class=\"wp-element-caption\">Alejandra Recio-Blanco<\/figcaption><\/figure>\n\n\n\n<figure class=\"wp-block-image size-medium\"><img loading=\"lazy\" decoding=\"async\" width=\"254\" height=\"300\" data-id=\"304\" src=\"https:\/\/section17.obspm.fr\/wp-content\/uploads\/2022\/01\/FabriceRoy-254x300.jpg\" alt=\"\" class=\"wp-image-304\" srcset=\"https:\/\/section17.obspm.fr\/wp-content\/uploads\/2022\/01\/FabriceRoy-254x300.jpg 254w, https:\/\/section17.obspm.fr\/wp-content\/uploads\/2022\/01\/FabriceRoy-867x1024.jpg 867w, https:\/\/section17.obspm.fr\/wp-content\/uploads\/2022\/01\/FabriceRoy-768x908.jpg 768w, https:\/\/section17.obspm.fr\/wp-content\/uploads\/2022\/01\/FabriceRoy-228x270.jpg 228w, https:\/\/section17.obspm.fr\/wp-content\/uploads\/2022\/01\/FabriceRoy.jpg 1200w\" sizes=\"auto, (max-width: 254px) 100vw, 254px\" \/><figcaption class=\"wp-element-caption\">Fabrice Roy<\/figcaption><\/figure>\n\n\n\n<figure class=\"wp-block-image size-medium\"><img loading=\"lazy\" decoding=\"async\" width=\"300\" height=\"300\" data-id=\"620\" src=\"https:\/\/section17.obspm.fr\/wp-content\/uploads\/2024\/02\/RS-300x300.png\" alt=\"\" class=\"wp-image-620\" srcset=\"https:\/\/section17.obspm.fr\/wp-content\/uploads\/2024\/02\/RS-300x300.png 300w, https:\/\/section17.obspm.fr\/wp-content\/uploads\/2024\/02\/RS-150x150.png 150w, https:\/\/section17.obspm.fr\/wp-content\/uploads\/2024\/02\/RS-270x270.png 270w, https:\/\/section17.obspm.fr\/wp-content\/uploads\/2024\/02\/RS.png 512w\" sizes=\"auto, (max-width: 300px) 100vw, 300px\" \/><figcaption class=\"wp-element-caption\">Renaud Savalle<\/figcaption><\/figure>\n\n\n\n<figure class=\"wp-block-image size-medium\"><img loading=\"lazy\" decoding=\"async\" width=\"280\" height=\"300\" data-id=\"340\" src=\"https:\/\/section17.obspm.fr\/wp-content\/uploads\/2022\/02\/GillesTheureau-280x300.jpg\" alt=\"Gilles Theureau\" class=\"wp-image-340\" srcset=\"https:\/\/section17.obspm.fr\/wp-content\/uploads\/2022\/02\/GillesTheureau-280x300.jpg 280w, https:\/\/section17.obspm.fr\/wp-content\/uploads\/2022\/02\/GillesTheureau-956x1024.jpg 956w, https:\/\/section17.obspm.fr\/wp-content\/uploads\/2022\/02\/GillesTheureau-768x823.jpg 768w, https:\/\/section17.obspm.fr\/wp-content\/uploads\/2022\/02\/GillesTheureau-252x270.jpg 252w, https:\/\/section17.obspm.fr\/wp-content\/uploads\/2022\/02\/GillesTheureau.jpg 1000w\" sizes=\"auto, (max-width: 280px) 100vw, 280px\" \/><figcaption class=\"wp-element-caption\">Gilles Theureau<\/figcaption><\/figure>\n\n\n\n<figure class=\"wp-block-image size-medium\"><img loading=\"lazy\" decoding=\"async\" width=\"251\" height=\"300\" data-id=\"302\" src=\"https:\/\/section17.obspm.fr\/wp-content\/uploads\/2022\/01\/LuigiTibaldo-251x300.jpg\" alt=\"\" class=\"wp-image-302\" srcset=\"https:\/\/section17.obspm.fr\/wp-content\/uploads\/2022\/01\/LuigiTibaldo-251x300.jpg 251w, https:\/\/section17.obspm.fr\/wp-content\/uploads\/2022\/01\/LuigiTibaldo-856x1024.jpg 856w, https:\/\/section17.obspm.fr\/wp-content\/uploads\/2022\/01\/LuigiTibaldo-768x919.jpg 768w, https:\/\/section17.obspm.fr\/wp-content\/uploads\/2022\/01\/LuigiTibaldo-226x270.jpg 226w, https:\/\/section17.obspm.fr\/wp-content\/uploads\/2022\/01\/LuigiTibaldo.jpg 1098w\" sizes=\"auto, (max-width: 251px) 100vw, 251px\" \/><figcaption class=\"wp-element-caption\">Luigi Tibaldo<\/figcaption><\/figure>\n\n\n\n<figure class=\"wp-block-image size-medium\"><img loading=\"lazy\" decoding=\"async\" width=\"300\" height=\"226\" data-id=\"342\" src=\"https:\/\/section17.obspm.fr\/wp-content\/uploads\/2022\/02\/LaurenceTresse.png-300x226.png\" alt=\"Laurence Tresse\" class=\"wp-image-342\" srcset=\"https:\/\/section17.obspm.fr\/wp-content\/uploads\/2022\/02\/LaurenceTresse.png-300x226.png 300w, https:\/\/section17.obspm.fr\/wp-content\/uploads\/2022\/02\/LaurenceTresse.png-1024x770.png 1024w, https:\/\/section17.obspm.fr\/wp-content\/uploads\/2022\/02\/LaurenceTresse.png-768x578.png 768w, https:\/\/section17.obspm.fr\/wp-content\/uploads\/2022\/02\/LaurenceTresse.png-359x270.png 359w, https:\/\/section17.obspm.fr\/wp-content\/uploads\/2022\/02\/LaurenceTresse.png.png 1276w\" sizes=\"auto, (max-width: 300px) 100vw, 300px\" \/><figcaption class=\"wp-element-caption\">Laurence Tresse<\/figcaption><\/figure>\n\n\n\n<figure class=\"wp-block-image size-medium\"><img loading=\"lazy\" decoding=\"async\" width=\"200\" height=\"300\" data-id=\"481\" src=\"https:\/\/section17.obspm.fr\/wp-content\/uploads\/2022\/12\/PhotoFredericVincent2022-200x300.jpg\" alt=\"\" class=\"wp-image-481\" srcset=\"https:\/\/section17.obspm.fr\/wp-content\/uploads\/2022\/12\/PhotoFredericVincent2022-200x300.jpg 200w, https:\/\/section17.obspm.fr\/wp-content\/uploads\/2022\/12\/PhotoFredericVincent2022-683x1024.jpg 683w, https:\/\/section17.obspm.fr\/wp-content\/uploads\/2022\/12\/PhotoFredericVincent2022-768x1152.jpg 768w, https:\/\/section17.obspm.fr\/wp-content\/uploads\/2022\/12\/PhotoFredericVincent2022-1024x1536.jpg 1024w, https:\/\/section17.obspm.fr\/wp-content\/uploads\/2022\/12\/PhotoFredericVincent2022-1365x2048.jpg 1365w, https:\/\/section17.obspm.fr\/wp-content\/uploads\/2022\/12\/PhotoFredericVincent2022-180x270.jpg 180w, https:\/\/section17.obspm.fr\/wp-content\/uploads\/2022\/12\/PhotoFredericVincent2022-scaled.jpg 1707w\" sizes=\"auto, (max-width: 200px) 100vw, 200px\" \/><figcaption class=\"wp-element-caption\">Fr\u00e9d\u00e9ric Vincent<\/figcaption><\/figure>\n<\/figure>\n<\/div>\n<\/div>\n<\/div>\n<\/div>\n<\/div>\n<\/div>\n\n\n\n<div style=\"height:40px\" aria-hidden=\"true\" class=\"wp-block-spacer\"><\/div>\n\n\n\n<p><strong>Anciens membres : <\/strong><\/p>\n\n\n\n<ul class=\"wp-block-list\">\n<li>Mme Elisabetta CAFFAU<\/li>\n\n\n\n<li>M. Richard DOUET<\/li>\n\n\n\n<li>M. Beno\u00eet FAMAEY<\/li>\n\n\n\n<li>M. Guillaume LAIBE<\/li>\n\n\n\n<li>Mme Tania REGIMBAU<\/li>\n\n\n\n<li>Mme C\u00e9line REYLE<\/li>\n<\/ul>\n","protected":false},"excerpt":{"rendered":"<p>Vous pouvez joindre chaque personne par mail en cliquant sur son nom. Vous pouvez \u00e9galement joindre la pr\u00e9sidente et le secr\u00e9taire scientifique en cliquant ici. La composition de la Section 17 pour son mandat 2021-2025 est la suivante : Anciens membres :<\/p>\n","protected":false},"author":1,"featured_media":0,"parent":0,"menu_order":0,"comment_status":"closed","ping_status":"closed","template":"","meta":{"footnotes":""},"class_list":["post-6","page","type-page","status-publish","hentry"],"_links":{"self":[{"href":"https:\/\/section17.obspm.fr\/index.php?rest_route=\/wp\/v2\/pages\/6","targetHints":{"allow":["GET"]}}],"collection":[{"href":"https:\/\/section17.obspm.fr\/index.php?rest_route=\/wp\/v2\/pages"}],"about":[{"href":"https:\/\/section17.obspm.fr\/index.php?rest_route=\/wp\/v2\/types\/page"}],"author":[{"embeddable":true,"href":"https:\/\/section17.obspm.fr\/index.php?rest_route=\/wp\/v2\/users\/1"}],"replies":[{"embeddable":true,"href":"https:\/\/section17.obspm.fr\/index.php?rest_route=%2Fwp%2Fv2%2Fcomments&post=6"}],"version-history":[{"count":36,"href":"https:\/\/section17.obspm.fr\/index.php?rest_route=\/wp\/v2\/pages\/6\/revisions"}],"predecessor-version":[{"id":683,"href":"https:\/\/section17.obspm.fr\/index.php?rest_route=\/wp\/v2\/pages\/6\/revisions\/683"}],"wp:attachment":[{"href":"https:\/\/section17.obspm.fr\/index.php?rest_route=%2Fwp%2Fv2%2Fmedia&parent=6"}],"curies":[{"name":"wp","href":"https:\/\/api.w.org\/{rel}","templated":true}]}}