{"id":459,"date":"2022-11-08T11:50:32","date_gmt":"2022-11-08T10:50:32","guid":{"rendered":"https:\/\/section17.obspm.fr\/?page_id=459"},"modified":"2022-11-08T11:50:32","modified_gmt":"2022-11-08T10:50:32","slug":"evaluations","status":"publish","type":"page","link":"https:\/\/section17.obspm.fr\/?page_id=459","title":{"rendered":"\u00c9valuations"},"content":{"rendered":"\n<h2 class=\"has-text-color wp-block-heading\" style=\"color:#009688\">Format du dossier<\/h2>\n\n\n\n<div style=\"height:40px\" aria-hidden=\"true\" class=\"wp-block-spacer\"><\/div>\n\n\n\n<p>Nous sugg\u00e9rons une longueur maximale de 13 pages (hors CV) pour le rapport d&rsquo;\u00e9valuation \u00e0 vague et de 8 pages (hors CV) pour le rapport d&rsquo;\u00e9valuation \u00e0 mi-vague. <\/p>\n\n\n\n<p>Nous rappelons que, hors CV, seules les informations sur les 10 derniers semestres (\u00e0 vague) ou les 5 derniers semestres (\u00e0 mi-vague) doivent appara\u00eetre. <\/p>\n\n\n\n<p>\u00c0 vague, nous recommandons que le projet de recherche en fin de dossier fasse une longueur typique de 2 pages (minimum). <\/p>\n\n\n\n<p>Les longueurs indicatives des diff\u00e9rentes sections du rapport seraient ainsi :<\/p>\n\n\n\n<ul class=\"wp-block-list\">\n<li>CV : format et longueur libres.<\/li>\n\n\n\n<li>R\u00e9sum\u00e9 de l&rsquo;activit\u00e9 : 0.5 page \u00e0 vague (10 semestres) et mi-vague (5 semestres).<\/li>\n\n\n\n<li>Rapport d&rsquo;activit\u00e9 : 4.5 pages maximum \u00e0 vague, 3 pages maximum \u00e0 mi-vague.<\/li>\n\n\n\n<li>Choix de 10 productions maximum \u00e0 vague (typiquement 1 page) ou de 5 productions maximum \u00e0 mi-vague (typiquement 0.5 page). Veillez \u00e0 faire appara\u00eetre explicitement les publications des personnes encadr\u00e9es.<\/li>\n\n\n\n<li>Enseignement, formation, diffusion : 2 pages maximum (pour les encadrements, pr\u00e9ciser les noms, ann\u00e9es de d\u00e9but et de fin, et pourcentages d&rsquo;encadrement).<\/li>\n\n\n\n<li>Transfert technologique, valorisation : 1 page maximum \u00e0 vague, 0.5 page maximum \u00e0 mi-vague.<\/li>\n\n\n\n<li>Animation et management de la recherche : 2 pages maximum \u00e0 vague, 1.5 pages maximum \u00e0 mi-vague.<\/li>\n\n\n\n<li>Projet de recherche : 2 pages (minimum) \u00e0 vague. Pas de projet \u00e0 mi-vague.<\/li>\n<\/ul>\n","protected":false},"excerpt":{"rendered":"<p>Format du dossier Nous sugg\u00e9rons une longueur maximale de 13 pages (hors CV) pour le rapport d&rsquo;\u00e9valuation \u00e0 vague et de 8 pages (hors CV) pour le rapport d&rsquo;\u00e9valuation \u00e0 mi-vague. Nous rappelons que, hors CV, seules les informations sur les 10 derniers semestres (\u00e0 vague) ou les 5 derniers semestres (\u00e0 mi-vague) doivent appara\u00eetre. \u00c0 vague, nous recommandons que le projet de recherche en fin de dossier fasse une longueur typique de 2 pages (minimum). Les longueurs indicatives des&#8230;<\/p>\n<p class=\"read-more\"><a class=\"btn btn-default\" href=\"https:\/\/section17.obspm.fr\/?page_id=459\">Lire la suite<span class=\"screen-reader-text\"> Lire la suite<\/span><\/a><\/p>\n","protected":false},"author":1,"featured_media":0,"parent":0,"menu_order":0,"comment_status":"closed","ping_status":"closed","template":"","meta":{"footnotes":""},"class_list":["post-459","page","type-page","status-publish","hentry"],"_links":{"self":[{"href":"https:\/\/section17.obspm.fr\/index.php?rest_route=\/wp\/v2\/pages\/459","targetHints":{"allow":["GET"]}}],"collection":[{"href":"https:\/\/section17.obspm.fr\/index.php?rest_route=\/wp\/v2\/pages"}],"about":[{"href":"https:\/\/section17.obspm.fr\/index.php?rest_route=\/wp\/v2\/types\/page"}],"author":[{"embeddable":true,"href":"https:\/\/section17.obspm.fr\/index.php?rest_route=\/wp\/v2\/users\/1"}],"replies":[{"embeddable":true,"href":"https:\/\/section17.obspm.fr\/index.php?rest_route=%2Fwp%2Fv2%2Fcomments&post=459"}],"version-history":[{"count":2,"href":"https:\/\/section17.obspm.fr\/index.php?rest_route=\/wp\/v2\/pages\/459\/revisions"}],"predecessor-version":[{"id":464,"href":"https:\/\/section17.obspm.fr\/index.php?rest_route=\/wp\/v2\/pages\/459\/revisions\/464"}],"wp:attachment":[{"href":"https:\/\/section17.obspm.fr\/index.php?rest_route=%2Fwp%2Fv2%2Fmedia&parent=459"}],"curies":[{"name":"wp","href":"https:\/\/api.w.org\/{rel}","templated":true}]}}