{"id":181,"date":"2021-11-29T15:09:35","date_gmt":"2021-11-29T14:09:35","guid":{"rendered":"https:\/\/section17-old.obspm.fr\/?page_id=181"},"modified":"2024-12-17T16:47:00","modified_gmt":"2024-12-17T15:47:00","slug":"calendrier","status":"publish","type":"page","link":"https:\/\/section17.obspm.fr\/?page_id=181","title":{"rendered":"Calendrier"},"content":{"rendered":"\n<div style=\"height:40px\" aria-hidden=\"true\" class=\"wp-block-spacer\"><\/div>\n\n\n\n<h3 class=\"wp-block-heading has-text-color\" style=\"color:#009688\">Calendrier pr\u00e9visionnel des concours 2025 :<\/h3>\n\n\n\n<ul class=\"wp-block-list\">\n<li><strong>10 janvier (13h00 CET)<\/strong> : Date limite de soumission des candidatures<\/li>\n\n\n\n<li><strong>16 janvier 2025 <\/strong>: Instance d\u2019\u00e9quivalence et bureau de jury<\/li>\n\n\n\n<li><strong>24 au 28 f\u00e9vrier 2025<\/strong> : Jury d\u2019admissibilit\u00e9 sur dossier (JAD) CRCN et DR2<\/li>\n\n\n\n<li><strong>31 mars au 4 avril 2025<\/strong> : Auditions CRCN<\/li>\n\n\n\n<li><strong>7 et 8 avril 2025<\/strong> : Jury d&rsquo;admissibilit\u00e9 CRCN<\/li>\n\n\n\n<li><strong>9 et 10 avril 2025<\/strong> : Auditions DR2<\/li>\n\n\n\n<li><strong>11 avril 2025<\/strong> : Jury d\u2019admissibilit\u00e9 DR2<\/li>\n\n\n\n<li><strong>29 avril 2025 <\/strong>: Auditions et jury d&rsquo;admissibilit\u00e9 du concours fl\u00e9ch\u00e9 17\/03.<\/li>\n<\/ul>\n\n\n\n<div style=\"height:30px\" aria-hidden=\"true\" class=\"wp-block-spacer\"><\/div>\n\n\n\n<h3 class=\"wp-block-heading has-text-color\" style=\"color:#009688\">Calendrier pr\u00e9visionnel des concours 2024 :<\/h3>\n\n\n\n<ul class=\"wp-block-list\">\n<li><strong>9 f\u00e9vrier 2024 (13h00 CET)<\/strong> : Date limite de soumission des candidatures<\/li>\n\n\n\n<li><strong>20 f\u00e9vrier 2024 <\/strong>: Instance d\u2019\u00e9quivalence et bureau de jury<\/li>\n\n\n\n<li><strong>11 au 15 mars 2024<\/strong> : Jury d\u2019admissibilit\u00e9 sur dossier (JAD) CRCN et DR2<\/li>\n\n\n\n<li><strong>6 et 7 mai 2024<\/strong> : Auditions DR2 \u00e0 l&rsquo;IAP<\/li>\n\n\n\n<li><strong>13 au 16 mai 2024<\/strong> : Auditions CRCN \u00e0 l&rsquo;Observatoire de Paris<\/li>\n\n\n\n<li><strong>17 mai 2024<\/strong> : Jury d\u2019admissibilit\u00e9 DR2<\/li>\n\n\n\n<li><strong>21 et 22 mai 2024<\/strong> : Jury d\u2019admissibilit\u00e9 CRCN<\/li>\n<\/ul>\n\n\n\n<div style=\"height:30px\" aria-hidden=\"true\" class=\"wp-block-spacer\"><\/div>\n\n\n\n<h3 class=\"wp-block-heading has-text-color\" style=\"color:#009688\">Calendrier pr\u00e9visionnel des concours 2023 :<\/h3>\n\n\n\n<ul class=\"wp-block-list\">\n<li><strong>5 janvier 2023, 13h (heure de Paris)<\/strong> : Date limite de soumission des candidatures<\/li>\n\n\n\n<li><strong>20 janvier 2023<\/strong> : Instance d\u2019\u00e9quivalence et bureau de jury<\/li>\n\n\n\n<li><strong>27 f\u00e9vrier au 3 mars 2023<\/strong> : Jury d\u2019admissibilit\u00e9 sur dossier (JAD) CRCN et DR2<\/li>\n\n\n\n<li><strong>17 au 21 avril 2023<\/strong> : Auditions CRCN<\/li>\n\n\n\n<li><strong>26 et 27 avril 2023<\/strong> : Jury d\u2019admissibilit\u00e9 CRCN<\/li>\n\n\n\n<li><strong>24 et 25 avril 2023<\/strong> : Auditions DR2<\/li>\n\n\n\n<li><strong>28 avril 2023<\/strong> : Jury d\u2019admissibilit\u00e9 DR2<\/li>\n<\/ul>\n\n\n\n<div style=\"height:30px\" aria-hidden=\"true\" class=\"wp-block-spacer\"><\/div>\n\n\n\n<h3 class=\"wp-block-heading has-text-color\" style=\"color:#009688\">Calendrier pr\u00e9visionnel des concours 2022 :<\/h3>\n\n\n\n<ul class=\"wp-block-list\">\n<li><strong>11 janvier 2022 13h&nbsp;(heure de Paris)<\/strong> : Date limite de soumission des candidatures<\/li>\n\n\n\n<li><strong>25 janvier 2022<\/strong> : Instance d&rsquo;\u00e9quivalence<\/li>\n\n\n\n<li><strong>28 f\u00e9vrier au 2 mars 2022<\/strong> : Jury d\u2019admissibilit\u00e9 sur dossier CRCN 17\/02<\/li>\n\n\n\n<li><strong>2 mars 2022<\/strong> : Jury d&rsquo;admissibilit\u00e9 sur dossier CRCN 17\/03<\/li>\n\n\n\n<li><strong>28 mars au 1 avril 2022<\/strong> : Auditions CRCN 17\/02<\/li>\n\n\n\n<li><strong>4 et 5 avril 2022<\/strong> : Jury d\u2019admissibilit\u00e9 CRCN 17\/02<\/li>\n\n\n\n<li><strong>6 et 7 avril 2022<\/strong> : Auditions DR2&nbsp;<\/li>\n\n\n\n<li><strong>8 avril 2022<\/strong> : Jury d\u2019admissibilit\u00e9 DR2<\/li>\n\n\n\n<li><strong>29 avril 2022<\/strong> : Auditions et jury d&rsquo;admissibilit\u00e9 CRCN 17\/03<\/li>\n<\/ul>\n\n\n\n<p><\/p>\n\n\n\n<p class=\"has-text-color\" style=\"color:#009688\"><\/p>\n","protected":false},"excerpt":{"rendered":"<p>Calendrier pr\u00e9visionnel des concours 2025 : Calendrier pr\u00e9visionnel des concours 2024 : Calendrier pr\u00e9visionnel des concours 2023 : Calendrier pr\u00e9visionnel des concours 2022 :<\/p>\n","protected":false},"author":1,"featured_media":0,"parent":0,"menu_order":0,"comment_status":"closed","ping_status":"closed","template":"","meta":{"footnotes":""},"class_list":["post-181","page","type-page","status-publish","hentry"],"_links":{"self":[{"href":"https:\/\/section17.obspm.fr\/index.php?rest_route=\/wp\/v2\/pages\/181","targetHints":{"allow":["GET"]}}],"collection":[{"href":"https:\/\/section17.obspm.fr\/index.php?rest_route=\/wp\/v2\/pages"}],"about":[{"href":"https:\/\/section17.obspm.fr\/index.php?rest_route=\/wp\/v2\/types\/page"}],"author":[{"embeddable":true,"href":"https:\/\/section17.obspm.fr\/index.php?rest_route=\/wp\/v2\/users\/1"}],"replies":[{"embeddable":true,"href":"https:\/\/section17.obspm.fr\/index.php?rest_route=%2Fwp%2Fv2%2Fcomments&post=181"}],"version-history":[{"count":21,"href":"https:\/\/section17.obspm.fr\/index.php?rest_route=\/wp\/v2\/pages\/181\/revisions"}],"predecessor-version":[{"id":693,"href":"https:\/\/section17.obspm.fr\/index.php?rest_route=\/wp\/v2\/pages\/181\/revisions\/693"}],"wp:attachment":[{"href":"https:\/\/section17.obspm.fr\/index.php?rest_route=%2Fwp%2Fv2%2Fmedia&parent=181"}],"curies":[{"name":"wp","href":"https:\/\/api.w.org\/{rel}","templated":true}]}}