{"id":116,"date":"2021-11-26T14:08:32","date_gmt":"2021-11-26T13:08:32","guid":{"rendered":"https:\/\/section17-old.obspm.fr\/?page_id=116"},"modified":"2021-11-30T18:00:26","modified_gmt":"2021-11-30T17:00:26","slug":"criteres-devaluation-des-candidatures-aux-promotions","status":"publish","type":"page","link":"https:\/\/section17.obspm.fr\/?page_id=116","title":{"rendered":"Crit\u00e8res d&rsquo;\u00e9valuation des candidatures aux promotions"},"content":{"rendered":"\n<h2 class=\"has-text-color wp-block-heading\" style=\"color:#009688\">Crit\u00e8res de promotion<\/h2>\n\n\n\n<h3 class=\"has-text-color wp-block-heading\" style=\"color:#697ab4\">Charg\u00e9\/Charg\u00e9e de recherche hors classe (CRHC)<\/h3>\n\n\n\n<p>La promotion au niveau CRHC sanctionne la qualit\u00e9 des travaux (se r\u00e9f\u00e9rer aux <strong><a href=\"https:\/\/section17.obspm.fr\/?page_id=106#criteres_recherche\" data-type=\"page\">crit\u00e8res pour une recherche de qualit\u00e9<\/a><\/strong> dans la rubrique \u2018Concours\u2019) et leur rayonnement, ainsi que leur maturit\u00e9 scientifique. Cette derni\u00e8re peut se traduire diversement, par la prise de responsabilit\u00e9s, l&rsquo;investissement dans l&rsquo;organisation de la discipline, le d\u00e9veloppement d&rsquo;outils au b\u00e9n\u00e9fice de la communaut\u00e9, la valorisation, l\u2019enseignement et l&rsquo;encadrement. Au-del\u00e0 du m\u00e9rite scientifique, toute personne ayant atteint les derniers \u00e9chelons du grade de CRCN est vivement encourag\u00e9e \u00e0 demander une promotion CRHC. Le passage CRHC ne compromet par ailleurs en rien un futur recrutement DR2.<\/p>\n\n\n\n<h3 class=\"has-text-color wp-block-heading\" style=\"color:#697ab4\">Directeur\/Directrice de recherche de premi\u00e8re classe ou classe exceptionnelle (DR1\/DRCE)<\/h3>\n\n\n\n<p>Une personne candidate \u00e0 une telle promotion doit se distinguer par la qualit\u00e9 particuli\u00e8re de ses travaux (se r\u00e9f\u00e9rer aux <strong><a href=\"https:\/\/section17.obspm.fr\/?page_id=106#criteres_recherche\" data-type=\"page\">crit\u00e8res pour une recherche de qualit\u00e9<\/a><\/strong> dans la rubrique \u2018Concours\u2019) et la port\u00e9e de ceux-ci, par son envergure scientifique et par son implication dans la communaut\u00e9. La Section prendra en compte des \u00e9l\u00e9ments mesurant l&rsquo;envergure d&rsquo;une carri\u00e8re, en sus des \u00e9l\u00e9ments d\u00e9velopp\u00e9s depuis la promotion pr\u00e9c\u00e9dente : rayonnement scientifique, enseignement et encadrement de jeunes coll\u00e8gues dans la dur\u00e9e, valorisation, contribution majeure dans la discipline, r\u00f4le structurant, coordination de projets, responsabilit\u00e9s collectives significatives.<\/p>\n\n\n\n<p>Notez que la pression, notamment sur le concours DRCE1, est actuellement extr\u00eamement forte.<\/p>\n\n\n\n<h2 class=\"has-text-color wp-block-heading\" style=\"color:#009688\">Format du dossier<\/h2>\n\n\n\n<p>Le CNRS fournit un format type. La Section recommande d\u2019y inclure un projet de recherche, ainsi qu\u2019un CV d\u00e9taill\u00e9 en annexe (se r\u00e9f\u00e9rer aux <a href=\"https:\/\/section17.obspm.fr\/?page_id=106#CV\" data-type=\"page\">conseils <\/a>pour la r\u00e9daction du CV dans la rubrique \u2018concours\u2019).<\/p>\n","protected":false},"excerpt":{"rendered":"<p>Crit\u00e8res de promotion Charg\u00e9\/Charg\u00e9e de recherche hors classe (CRHC) La promotion au niveau CRHC sanctionne la qualit\u00e9 des travaux (se r\u00e9f\u00e9rer aux crit\u00e8res pour une recherche de qualit\u00e9 dans la rubrique \u2018Concours\u2019) et leur rayonnement, ainsi que leur maturit\u00e9 scientifique. Cette derni\u00e8re peut se traduire diversement, par la prise de responsabilit\u00e9s, l&rsquo;investissement dans l&rsquo;organisation de la discipline, le d\u00e9veloppement d&rsquo;outils au b\u00e9n\u00e9fice de la communaut\u00e9, la valorisation, l\u2019enseignement et l&rsquo;encadrement. Au-del\u00e0 du m\u00e9rite scientifique, toute personne ayant atteint les derniers&#8230;<\/p>\n<p class=\"read-more\"><a class=\"btn btn-default\" href=\"https:\/\/section17.obspm.fr\/?page_id=116\">Lire la suite<span class=\"screen-reader-text\"> Lire la suite<\/span><\/a><\/p>\n","protected":false},"author":1,"featured_media":0,"parent":0,"menu_order":0,"comment_status":"closed","ping_status":"closed","template":"","meta":{"footnotes":""},"class_list":["post-116","page","type-page","status-publish","hentry"],"_links":{"self":[{"href":"https:\/\/section17.obspm.fr\/index.php?rest_route=\/wp\/v2\/pages\/116","targetHints":{"allow":["GET"]}}],"collection":[{"href":"https:\/\/section17.obspm.fr\/index.php?rest_route=\/wp\/v2\/pages"}],"about":[{"href":"https:\/\/section17.obspm.fr\/index.php?rest_route=\/wp\/v2\/types\/page"}],"author":[{"embeddable":true,"href":"https:\/\/section17.obspm.fr\/index.php?rest_route=\/wp\/v2\/users\/1"}],"replies":[{"embeddable":true,"href":"https:\/\/section17.obspm.fr\/index.php?rest_route=%2Fwp%2Fv2%2Fcomments&post=116"}],"version-history":[{"count":8,"href":"https:\/\/section17.obspm.fr\/index.php?rest_route=\/wp\/v2\/pages\/116\/revisions"}],"predecessor-version":[{"id":218,"href":"https:\/\/section17.obspm.fr\/index.php?rest_route=\/wp\/v2\/pages\/116\/revisions\/218"}],"wp:attachment":[{"href":"https:\/\/section17.obspm.fr\/index.php?rest_route=%2Fwp%2Fv2%2Fmedia&parent=116"}],"curies":[{"name":"wp","href":"https:\/\/api.w.org\/{rel}","templated":true}]}}