{"id":106,"date":"2021-11-26T13:59:13","date_gmt":"2021-11-26T12:59:13","guid":{"rendered":"https:\/\/section17-old.obspm.fr\/?page_id=106"},"modified":"2024-12-16T14:49:18","modified_gmt":"2024-12-16T13:49:18","slug":"criteres-devaluation-des-candidatures-aux-concours","status":"publish","type":"page","link":"https:\/\/section17.obspm.fr\/?page_id=106","title":{"rendered":"Crit\u00e8res d&rsquo;\u00e9valuation des candidatures aux concours"},"content":{"rendered":"\n<p><em><strong>Evaluation criteria for the CNRS competition can be found in English <a href=\"https:\/\/section17.obspm.fr\/?page_id=239\">here<\/a>.<\/strong><\/em><\/p>\n\n\n\n<div style=\"height:30px\" aria-hidden=\"true\" class=\"wp-block-spacer\"><\/div>\n\n\n\n<p>La Section 17 donne ci-dessous les crit\u00e8res sur lesquels elle porte attention en compl\u00e9ment de ceux &nbsp;affich\u00e9s <a href=\"https:\/\/www.cnrs.fr\/comitenational\/evaluation\/criteresdevaluation\/17_criteres_2018.html\">sur le site du Comit\u00e9 National<\/a>. Les recommandations ci-dessous relatives au format du dossier concernent tant les dossiers de candidature CRCN que DR2.<\/p>\n\n\n\n<div style=\"height:20px\" aria-hidden=\"true\" class=\"wp-block-spacer\"><\/div>\n\n\n\n<p><strong>Nous recommandons que les personnes ayant obtenu leur dipl\u00f4me de th\u00e8se \u00e0 l&rsquo;\u00e9tranger, dans une langue autre que le fran\u00e7ais, fournissent lors de leur candidature une traduction asserment\u00e9e de leur dipl\u00f4me afin d&rsquo;\u00e9viter tout souci d&rsquo;ordre juridique.<\/strong><\/p>\n\n\n\n<div style=\"height:20px\" aria-hidden=\"true\" class=\"wp-block-spacer\"><\/div>\n\n\n\n<p>Nous encourageons fortement toutes les personnes r\u00e9sidant \u00e0 l&rsquo;\u00e9tranger, les candidates enceintes et les candidates et candidats dont l\u2019\u00e9tat de sant\u00e9 le justifie, \u00e0 demander d\u00e8s la soumission de leur dossier de candidature l&rsquo;autorisation de passer l&rsquo;audition en visioconf\u00e9rence. Cette demande pourra \u00eatre faite \u00e0 tout moment en ce qui concerne l&rsquo;\u00e9tat de sant\u00e9 (par exemple en cas de Covid au moment des auditions).<br>La demande doit imp\u00e9rativement \u00eatre effectu\u00e9e par mail aupr\u00e8s du <a href=\"mailto:concours@cnrs.fr\" data-type=\"mailto\" data-id=\"mailto:concours@cnrs.fr\">Service Central des Concours<\/a>. <br>Nous recommandons de mettre \u00e9galement en copie <a href=\"mailto:president.section17@services.cnrs.fr\">l&rsquo;adresse de la pr\u00e9sidente de la section<\/a>. <\/p>\n\n\n\n<div style=\"height:30px\" aria-hidden=\"true\" class=\"wp-block-spacer\"><\/div>\n\n\n\n<h3 class=\"wp-block-heading\">Contenu :<\/h3>\n\n\n\n<ul class=\"wp-block-list\">\n<li><a href=\"#criteres_recrutement\">Crit\u00e8res de recrutement<\/a><\/li>\n\n\n\n<li><a href=\"#criteres_recherche\">Crit\u00e8res pour une recherche de qualit\u00e9<\/a><\/li>\n\n\n\n<li><a href=\"#format_dossier\" data-type=\"internal\" data-id=\"#format_dossier\">Format du dossier<\/a><\/li>\n\n\n\n<li><a href=\"#lettres_recom\">Lettres de recommandation<\/a><\/li>\n<\/ul>\n\n\n\n<div style=\"height:30px\" aria-hidden=\"true\" class=\"wp-block-spacer\"><\/div>\n\n\n\n<h2 class=\"wp-block-heading has-text-color\" id=\"criteres_recrutement\" style=\"color:#009688\">Crit\u00e8res de recrutement<\/h2>\n\n\n\n<h3 class=\"wp-block-heading has-text-color\" style=\"color:#697ab4\">Charg\u00e9 \/ charg\u00e9e de recherche de classe normale (CRCN)<\/h3>\n\n\n\n<p>Une personne candidate \u00e0 un poste de CR doit pouvoir d\u00e9montrer :<\/p>\n\n\n\n<ul class=\"wp-block-list\">\n<li>la qualit\u00e9 de sa production scientifique et la port\u00e9e de ses r\u00e9sultats (publications, d\u00e9veloppement et mise \u00e0 disposition d\u2019outils, d\u00e9veloppement m\u00e9thodologique ou instrumental) ainsi que sa capacit\u00e9 \u00e0 poursuivre une recherche innovante et de qualit\u00e9 ;<\/li>\n\n\n\n<li>son autonomie, sa vision \u00e0 long terme et son recul sur son domaine de recherche ;<\/li>\n\n\n\n<li>la pertinence scientifique de son projet de recherche, et l\u2019insertion de ce projet dans le paysage scientifique fran\u00e7ais et le laboratoire d\u2019accueil envisag\u00e9.<\/li>\n<\/ul>\n\n\n\n<p>En plus de ces trois crit\u00e8res principaux, nous encourageons \u00e0 d\u00e9crire dans le dossier les activit\u00e9s d\u2019animation scientifique, de diffusion et valorisation, d\u2019encadrement, d\u2019enseignement, ou toute autre activit\u00e9 au b\u00e9n\u00e9fice de la communaut\u00e9 de recherche.<\/p>\n\n\n\n<p>L\u2019appr\u00e9ciation de ces crit\u00e8res est ouverte, non exclusive, non hi\u00e9rarchis\u00e9e et non strictement cumulative ; les crit\u00e8res sont modul\u00e9s selon l\u2019avanc\u00e9e dans la carri\u00e8re.<\/p>\n\n\n\n<h3 class=\"wp-block-heading has-text-color\" style=\"color:#697ab4\">Directeur \/ directrice de recherche de 2\u00e8me classe (DR2)<\/h3>\n\n\n\n<p>Une personne candidate \u00e0 un poste de DR2 doit se distinguer par l\u2019impact de ses travaux, son envergure scientifique, son rayonnement \u00e0 l\u2019international. Elle a d\u00fb faire preuve de cr\u00e9ativit\u00e9 et de pertinence dans ses orientations scientifiques, et elle a pris des responsabilit\u00e9s au b\u00e9n\u00e9fice de la communaut\u00e9, dans laquelle elle joue un r\u00f4le structurant. Obtenir une Habilitation \u00e0 Diriger des Recherches (HDR) est tr\u00e8s fortement conseill\u00e9 avant de poser sa candidature.<\/p>\n\n\n\n<div style=\"height:20px\" aria-hidden=\"true\" class=\"wp-block-spacer\"><\/div>\n\n\n\n<h2 class=\"wp-block-heading has-text-color\" id=\"criteres_recherche\" style=\"color:#009688\">Crit\u00e8res pour une recherche de qualit\u00e9<\/h2>\n\n\n\n<p>Un travail de recherche de qualit\u00e9 est \u00e9valu\u00e9 par des crit\u00e8res vari\u00e9s concernant , entre autres, l\u2019originalit\u00e9 des travaux men\u00e9s, la cr\u00e9ativit\u00e9, les collaborations et la prise de risque.<\/p>\n\n\n\n<p>Sont gages de qualit\u00e9 :<\/p>\n\n\n\n<ul class=\"wp-block-list\">\n<li>comp\u00e9tences, expertise scientifique, expertise m\u00e9thodologique,<\/li>\n\n\n\n<li>cr\u00e9ativit\u00e9 et port\u00e9e des travaux,<\/li>\n\n\n\n<li>potentiel de recherche innovante sur la dur\u00e9e,<\/li>\n\n\n\n<li>originalit\u00e9 et pertinence des orientations scientifiques,<\/li>\n\n\n\n<li>efficacit\u00e9 collaborative et d\u2019encadrement de jeunes coll\u00e8gues,<\/li>\n\n\n\n<li>capacit\u00e9 \u00e0 faire \u00e9merger des projets, \u00e0 diriger des projets,<\/li>\n\n\n\n<li>leadership au b\u00e9n\u00e9fice de la communaut\u00e9.<\/li>\n<\/ul>\n\n\n\n<p>Ces crit\u00e8res ne sont ni exclusifs ni discriminants, la diversit\u00e9 des profils individuels jouant un r\u00f4le important pour une recherche collective de qualit\u00e9. Une carri\u00e8re peut \u00eatre marqu\u00e9e par des phases d\u2019activit\u00e9s vari\u00e9es ou, au contraire, \u00eatre homog\u00e8ne sur la dur\u00e9e.<\/p>\n\n\n\n<div style=\"height:20px\" aria-hidden=\"true\" class=\"wp-block-spacer\"><\/div>\n\n\n\n<h2 class=\"wp-block-heading has-text-color\" id=\"format_dossier\" style=\"color:#009688\">Format du dossier<\/h2>\n\n\n\n<p><em>La Section 17 demande aux personnes candidates de bien vouloir consid\u00e9rer les indications suivantes pour la r\u00e9daction de leur dossier de candidature aux postes ouverts aux diff\u00e9rents concours du CNRS.<\/em><\/p>\n\n\n\n<h4 class=\"wp-block-heading\"><strong>Recommandations g\u00e9n\u00e9rales<\/strong><\/h4>\n\n\n\n<p>Afin de permettre une lecture juste et efficace de leur dossier par les membres de la Section, nous recommandons vivement de :<\/p>\n\n\n\n<ul class=\"wp-block-list\">\n<li>construire un dossier mettant en avant de mani\u00e8re concise et pertinente les th\u00e9matiques principales de recherche, les m\u00e9thodes ou techniques employ\u00e9es, les r\u00e9sultats principaux, les points forts et saillants du dossier ;<\/li>\n\n\n\n<li>veiller \u00e0 bien fournir, notamment lorsqu\u2019il s\u2019agit de travaux au sein d\u2019un grand consortium, tous les \u00e9l\u00e9ments permettant de juger de la contribution de la personne candidate \u00e0 l\u2019avanc\u00e9e des connaissances, \u00e0 la cr\u00e9ation de nouveaux outils\/m\u00e9thodes et aux t\u00e2ches collectives n\u00e9cessaires au bon fonctionnement de la recherche ;<\/li>\n\n\n\n<li>respecter les limites de pagination, un dossier synth\u00e9tique et percutant \u00e9tant plus facilement interpr\u00e9t\u00e9. Nous recommandons d&rsquo;utiliser une police de caract\u00e8res de taille au moins \u00e9gale \u00e0 Arial 11 pt (ou \u00e9quivalent) et que l\u2019ensemble du<strong> rapport de recherche<\/strong> (typiquement 4 pages) et du<strong> projet de recherche<\/strong> (typiquement 4 pages) <strong>n\u2019exc\u00e8de pas 8 pages au total<\/strong> (des modulations du type 5 pages de rapport et 3 pages de projet \u00e9tant possibles).<\/li>\n<\/ul>\n\n\n\n<div style=\"height:30px\" aria-hidden=\"true\" class=\"wp-block-spacer\"><\/div>\n\n\n\n<h4 class=\"wp-block-heading\" id=\"CV\"><strong>Structure conseill\u00e9e pour les documents demand\u00e9s sur le site de candidature du CNRS<\/strong> :<\/h4>\n\n\n\n<ul class=\"wp-block-list\">\n<li>CV d\u00e9taill\u00e9 : format libre, mais avec un sommaire d\u00e9taill\u00e9 distinguant explicitement les diverses activit\u00e9s de recherche. Penser \u00e0 mentionner les \u00e9l\u00e9ments suivants (liste non exhaustive) :\n<ul class=\"wp-block-list\">\n<li>responsabilit\u00e9s concernant l\u2019activit\u00e9 de recherche,<\/li>\n\n\n\n<li>activit\u00e9s d\u2019animation scientifique,<\/li>\n\n\n\n<li>responsabilit\u00e9s collectives y compris pour la vie de nos instances,<\/li>\n\n\n\n<li>participation \u00e0 des projets ou campagnes d\u2019observations,<\/li>\n\n\n\n<li>demandes obtenues de temps ou de financement,<\/li>\n\n\n\n<li>enseignements (pr\u00e9ciser niveau et volume horaire),<\/li>\n\n\n\n<li>encadrement,<\/li>\n\n\n\n<li>activit\u00e9s de diffusion des connaissances et valorisation,<\/li>\n\n\n\n<li>d\u2019autres activit\u00e9s d\u2019int\u00e9r\u00eat pour la communaut\u00e9 (par exemple activit\u00e9s en faveur de la diversit\u00e9, \u00e9quit\u00e9 et inclusion, le bien-\u00eatre de la communaut\u00e9, la transition environnementale, la science ouverte &#8230;).<\/li>\n<\/ul>\n<\/li>\n<\/ul>\n\n\n\n<p>Une p\u00e9riode d\u2019interruption des activit\u00e9s scientifiques jug\u00e9e importante pourra \u00eatre renseign\u00e9e dans le CV, <strong>par exemple un cong\u00e9 de maternit\u00e9, parental, un handicap ou une maladie de longue dur\u00e9e<\/strong>.<\/p>\n\n\n\n<ul class=\"wp-block-list\">\n<li>Liste de publications : distinguer de mani\u00e8re explicite les publications dans des revues \u00e0 comit\u00e9 de lecture des autres publications et communications. Distinguer \u00e9galement les articles avec contribution majeure des autres. Au sein de grandes collaborations, pr\u00e9ciser les articles en tant que \u2018<em>corresponding author<\/em>\u2019 et ceux dans lesquels un r\u00f4le majeur a \u00e9t\u00e9 jou\u00e9, en l&rsquo;explicitant.<\/li>\n\n\n\n<li>Rapport de recherche&nbsp; (typiquement 4 pages) :\n<ul class=\"wp-block-list\">\n<li>contexte, activit\u00e9s pass\u00e9es et pr\u00e9sentes, comp\u00e9tences d\u00e9velopp\u00e9es.<\/li>\n<\/ul>\n<\/li>\n\n\n\n<li>Projet de recherche (typiquement 4 pages) :\n<ul class=\"wp-block-list\">\n<li>inclure le r\u00e9sum\u00e9 global de la candidature (1\/2 page),<\/li>\n\n\n\n<li>pr\u00e9ciser l\u2019ad\u00e9quation du projet avec les activit\u00e9s de recherche du laboratoire demand\u00e9, de la communaut\u00e9 fran\u00e7aise, ainsi que son positionnement international.<\/li>\n<\/ul>\n<\/li>\n<\/ul>\n\n\n\n<p>La longueur totale du rapport de recherche et du projet de recherche combin\u00e9s <strong>ne doit pas exc\u00e9der 8 pages.<\/strong><\/p>\n\n\n\n<h2 class=\"wp-block-heading has-text-color\" id=\"lettres_recom\" style=\"color:#009688\">Lettres de recommandation<\/h2>\n\n\n\n<p>Pour le concours CRCN (et les candidatures DR2 externes), les lettres de recommandation sont \u00e0 soumettre avant la date de fermeture du concours sur <a href=\"https:\/\/www.cnrs-bellevue.fr\/formulaires\/scc-recommandation2025.php\" target=\"_blank\" rel=\"noreferrer noopener\">ce site<\/a>. Nous vous demandons de vous limiter \u00e0 trois lettres de recommandation au maximum dont, de pr\u00e9f\u00e9rence, au moins une lettre \u00e9manant d&rsquo;une personne du laboratoire d&rsquo;accueil pressenti. La Section 17 ne demande pas qu\u2019une lettre de soutien de la direction de l\u2019unit\u00e9 soit jointe au programme de recherche.<\/p>\n\n\n\n<p><em>Version du 9 d\u00e9cembre 2024.<\/em><\/p>\n","protected":false},"excerpt":{"rendered":"<p>Evaluation criteria for the CNRS competition can be found in English here. La Section 17 donne ci-dessous les crit\u00e8res sur lesquels elle porte attention en compl\u00e9ment de ceux &nbsp;affich\u00e9s sur le site du Comit\u00e9 National. Les recommandations ci-dessous relatives au format du dossier concernent tant les dossiers de candidature CRCN que DR2. Nous recommandons que les personnes ayant obtenu leur dipl\u00f4me de th\u00e8se \u00e0 l&rsquo;\u00e9tranger, dans une langue autre que le fran\u00e7ais, fournissent lors de leur candidature une traduction asserment\u00e9e&#8230;<\/p>\n<p class=\"read-more\"><a class=\"btn btn-default\" href=\"https:\/\/section17.obspm.fr\/?page_id=106\">Lire la suite<span class=\"screen-reader-text\"> Lire la suite<\/span><\/a><\/p>\n","protected":false},"author":1,"featured_media":0,"parent":0,"menu_order":0,"comment_status":"closed","ping_status":"closed","template":"","meta":{"footnotes":""},"class_list":["post-106","page","type-page","status-publish","hentry"],"_links":{"self":[{"href":"https:\/\/section17.obspm.fr\/index.php?rest_route=\/wp\/v2\/pages\/106","targetHints":{"allow":["GET"]}}],"collection":[{"href":"https:\/\/section17.obspm.fr\/index.php?rest_route=\/wp\/v2\/pages"}],"about":[{"href":"https:\/\/section17.obspm.fr\/index.php?rest_route=\/wp\/v2\/types\/page"}],"author":[{"embeddable":true,"href":"https:\/\/section17.obspm.fr\/index.php?rest_route=\/wp\/v2\/users\/1"}],"replies":[{"embeddable":true,"href":"https:\/\/section17.obspm.fr\/index.php?rest_route=%2Fwp%2Fv2%2Fcomments&post=106"}],"version-history":[{"count":39,"href":"https:\/\/section17.obspm.fr\/index.php?rest_route=\/wp\/v2\/pages\/106\/revisions"}],"predecessor-version":[{"id":691,"href":"https:\/\/section17.obspm.fr\/index.php?rest_route=\/wp\/v2\/pages\/106\/revisions\/691"}],"wp:attachment":[{"href":"https:\/\/section17.obspm.fr\/index.php?rest_route=%2Fwp%2Fv2%2Fmedia&parent=106"}],"curies":[{"name":"wp","href":"https:\/\/api.w.org\/{rel}","templated":true}]}}